{"id":1183,"date":"2016-02-13T14:01:02","date_gmt":"2016-02-13T14:01:02","guid":{"rendered":"http:\/\/www.dj-vodovod.hr\/?page_id=1183"},"modified":"2025-08-28T14:04:48","modified_gmt":"2025-08-28T14:04:48","slug":"zakoni-i-pravilnici","status":"publish","type":"page","link":"http:\/\/www.dj-vodovod.hr\/?page_id=1183","title":{"rendered":"Zakoni i pravilnici"},"content":{"rendered":"<div class=\"postcontent postcontent-0 clearfix\" style=\"color: #2c3a49;\">\n<div class=\"article\">\n<ul>\n<li style=\"color: #303f50;\"><a style=\"color: #7c96b1;\" href=\"https:\/\/www.zakon.hr\/z\/124\/Zakon-o-vodama\">Zakon o vodama<\/a> (NN 66\/19)<\/li>\n<li style=\"color: #303f50;\"><a style=\"color: #7c96b1;\" href=\"https:\/\/www.zakon.hr\/z\/2105\/Zakon-o-vodnim-uslugama\">Zakon o vodnim uslugama<\/a> (NN 66\/19)<\/li>\n<li style=\"color: #303f50;\"><a style=\"color: #7c96b1;\" href=\"https:\/\/narodne-novine.nn.hr\/clanci\/sluzbeni\/2019_07_66_1292.html\">Zakon o izmjenama i dopunama zakona o financiranju vodnog gospodarstva<\/a>&nbsp;(NN&nbsp;153\/09., 63\/11., 130\/11., 56\/13. i 14\/14.)<\/li>\n<li style=\"color: #303f50;\"><a style=\"color: #7c96b1;\" href=\"http:\/\/www.zakon.hr\/z\/124\/Zakon-o-vodama\" target=\"_blank\" rel=\"noopener\">Zakon o vodama<\/a>&nbsp;(NN 153\/09, 63\/11, 130\/11, 56\/13, 14\/14)<\/li>\n<li style=\"color: #303f50;\"><a style=\"color: #7c96b1;\" href=\"http:\/\/www.zakon.hr\/z\/238\/Zakon-o-financiranju-vodnoga-gospodarstva\" target=\"_blank\" rel=\"noopener\">Zakon o financiranju vodnog gospodarstva<\/a>&nbsp;(NN 153\/09, 90\/11, 56\/13)<\/li>\n<li style=\"color: #303f50;\"><a style=\"color: #7c96b1;\" href=\"http:\/\/zakon.hr\/z\/467\/Zakon-o-hrani\" target=\"_blank\" rel=\"noopener\">Zakon o hrani<\/a>&nbsp;(NN 81\/13, 14\/14)<\/li>\n<li style=\"color: #303f50;\"><a style=\"color: #7c96b1;\" href=\"http:\/\/zakon.hr\/z\/193\/Zakon-o-za%C5%A1titi-potro%C5%A1a%C4%8Da\" target=\"_blank\" rel=\"noopener\">Zakon o za\u0161titi potro\u0161a\u010da<\/a>&nbsp;(NN 41\/14)<\/li>\n<li style=\"color: #303f50;\"><a style=\"color: #7c96b1;\" href=\"http:\/\/www.zakon.hr\/z\/186\/Zakon-o-porezu-na-dodanu-vrijednost\" target=\"_blank\" rel=\"noopener\">Zakon o porezu na dodanu vrijednost<\/a>&nbsp;(NN 73\/13, 99\/13, 148\/13, 143\/14)<\/li>\n<li style=\"color: #303f50;\"><a style=\"color: #7c96b1;\" href=\"http:\/\/narodne-novine.nn.hr\/clanci\/sluzbeni\/2013_06_79_1633.html\" target=\"_blank\" rel=\"noopener\">Pravilnik o porezu na dodanu vrijednost<\/a>&nbsp;(NN 79\/13),&nbsp;<a style=\"color: #7c96b1;\" href=\"http:\/\/narodne-novine.nn.hr\/clanci\/sluzbeni\/2013_07_85_1914.html\" target=\"_blank\" rel=\"noopener\">Ispravak Pravilnika o porezu na dodanu vrijednost<\/a>&nbsp;(NN 85\/13) i&nbsp;<a style=\"color: #7c96b1;\" href=\"http:\/\/narodne-novine.nn.hr\/clanci\/sluzbeni\/2014_12_157_2978.html\" target=\"_blank\" rel=\"noopener\">Pravilnik o izmjenama i dopunama Pravilnika o porezu na dodanu vrijednost<\/a>&nbsp;(NN 160\/13, 35\/14)<\/li>\n<li style=\"color: #303f50;\"><a style=\"color: #7c96b1;\" href=\"http:\/\/narodne-novine.nn.hr\/clanci\/sluzbeni\/339082.html\" target=\"_blank\" rel=\"noopener\">Pravilnik o zdravstvenoj ispravnosti vode za pi\u0107e&nbsp;<\/a>(NN 47\/08)<\/li>\n<li style=\"color: #303f50;\"><a style=\"color: #7c96b1;\" href=\"http:\/\/narodne-novine.nn.hr\/clanci\/sluzbeni\/2010_07_84_2404.html\" target=\"_blank\" rel=\"noopener\">Pravilnik o obra\u010dunu i naplati naknade za kori\u0161tenje voda<\/a>&nbsp;(NN 84\/10) i&nbsp;<a style=\"color: #7c96b1;\" href=\"http:\/\/narodne-novine.nn.hr\/clanci\/sluzbeni\/2012_12_146_3158.html\" target=\"_blank\" rel=\"noopener\">Pravilnik o izmjeni Pravilnika o obra\u010dunu i naplati naknade za kori\u0161tenje voda<\/a>&nbsp;(NN 146\/12)<\/li>\n<li style=\"color: #303f50;\"><a style=\"color: #7c96b1;\" href=\"http:\/\/narodne-novine.nn.hr\/clanci\/sluzbeni\/2010_07_83_2378.html\" target=\"_blank\" rel=\"noopener\">Pravilnik o obra\u010dunavanju i pla\u0107anju naknade za za\u0161titu voda<\/a>&nbsp;(NN 83\/10) i<a style=\"color: #7c96b1;\" href=\"http:\/\/narodne-novine.nn.hr\/clanci\/sluzbeni\/2013_12_160_3357.html\" target=\"_blank\" rel=\"noopener\">&nbsp;Pravilnik o izmjenama pravilnika o obra\u010dunavanju i pla\u0107anju naknade za za\u0161titu voda<\/a>&nbsp;(NN 160\/13)<\/li>\n<li style=\"color: #303f50;\"><a style=\"color: #7c96b1;\" href=\"http:\/\/narodne-novine.nn.hr\/clanci\/sluzbeni\/2011_09_109_2147.html\" target=\"_blank\" rel=\"noopener\">Uredba o najvi\u0161em iznosu naknade za priklju\u010denje gra\u0111evine i drugih nekretnina na komunalne vodne gra\u0111evine&nbsp;<\/a>(NN 109\/11)<\/li>\n<li><a href=\"http:\/\/www.dj-vodovod.hr\/wp-content\/uploads\/2021\/12\/PRAVILNIK-O-PREVEDBI-POSTUPKA-JEDNOSTAVNE-NABAVE.pdf\">Pravilnik o provedbi postupka javne nabave (NN120\/16)<\/a><\/li>\n<li><a href=\"http:\/\/www.dj-vodovod.hr\/wp-content\/uploads\/2022\/07\/Poziv-za-dostavu-prijedloga-za-imenovanje-povjerljive-osobe-i-zamjenika-povjerljive-osobe.pdf\">Poziv za dostavu prijedloga za imenovanje povjerljive osobe i zamjenika povjerljive osobe<\/a><\/li>\n<li><a href=\"http:\/\/www.dj-vodovod.hr\/wp-content\/uploads\/2022\/07\/Pravilnik-o-postupku-unutarnjeg-prijavljivanja-nepravilnosti-i-postupku-imenovanja-povjerljive-osobe-i-njezina-zamjenika-21.07.2022..pdf\">Pravilnik o postupku unutarnjeg prijavljivanja nepravilnosti i postupku imenovanja povjerljive osobe i njezina zamjenika &#8211; 21.07.2022.<\/a><\/li>\n<li><a href=\"http:\/\/www.dj-vodovod.hr\/wp-content\/uploads\/2024\/02\/Akcijski-plan-za-provedbu-antikorupcijskog-programa-2021.-2022.-godine.pdf\">Akcijski plan za provedbu antikorupcijskog programa &#8211; 2021.-2022. godine<\/a><\/li>\n<li><a href=\"http:\/\/www.dj-vodovod.hr\/wp-content\/uploads\/2024\/03\/Izvjestaj-o-provedbi-Akcijskog-plana-za-prov-Antik-prog-za-trg-dr-u-vec-vlasn-JLPRS.docx\">Izvje\u0161taj o provedbi Akcijskog plana za prov Antik prog za trg dr u ve\u0107 vlasn JLP(R)S<\/a><\/li>\n<li><a href=\"http:\/\/www.dj-vodovod.hr\/wp-content\/uploads\/2025\/08\/Pravilnik-o-radu-Povjerenstva-za-reklamacije-potrosaca-drustva-Dakovacki-vodovod-d.o.o.-03.02.2025.pdf\">Pravilnik o radu Povjerenstva za reklamacije potro\u0161a\u010da dru\u0161tva \u0110akova\u010dki vodovod d.o.o. &#8211; 03.02.2025.<\/a><\/li>\n<li><a href=\"http:\/\/www.dj-vodovod.hr\/wp-content\/uploads\/2025\/08\/Reklamacije-i-prigovori.pdf\">Reklamacije i prigovori<\/a><\/li>\n<\/ul>\n<\/div>\n<\/div>\n<div id=\"gtx-trans\" style=\"position: absolute; left: -14px; top: 432px;\">\n<div class=\"gtx-trans-icon\">&nbsp;<\/div>\n<\/div>\n","protected":false},"excerpt":{"rendered":"<p>Zakon o vodama (NN 66\/19) Zakon o vodnim uslugama (NN 66\/19) Zakon o izmjenama i dopunama zakona o financiranju vodnog gospodarstva&nbsp;(NN&nbsp;153\/09., 63\/11., 130\/11., 56\/13. i 14\/14.) Zakon o vodama&nbsp;(NN 153\/09, 63\/11, 130\/11, 56\/13, 14\/14) Zakon o financiranju vodnog gospodarstva&nbsp;(NN 153\/09, 90\/11, 56\/13) Zakon o hrani&nbsp;(NN 81\/13, 14\/14) Zakon o za\u0161titi potro\u0161a\u010da&nbsp;(NN 41\/14) Zakon o porezu [&hellip;]<\/p>\n","protected":false},"author":1,"featured_media":0,"parent":0,"menu_order":0,"comment_status":"closed","ping_status":"closed","template":"page-full.php","meta":{"ngg_post_thumbnail":0,"footnotes":""},"_links":{"self":[{"href":"http:\/\/www.dj-vodovod.hr\/index.php?rest_route=\/wp\/v2\/pages\/1183"}],"collection":[{"href":"http:\/\/www.dj-vodovod.hr\/index.php?rest_route=\/wp\/v2\/pages"}],"about":[{"href":"http:\/\/www.dj-vodovod.hr\/index.php?rest_route=\/wp\/v2\/types\/page"}],"author":[{"embeddable":true,"href":"http:\/\/www.dj-vodovod.hr\/index.php?rest_route=\/wp\/v2\/users\/1"}],"replies":[{"embeddable":true,"href":"http:\/\/www.dj-vodovod.hr\/index.php?rest_route=%2Fwp%2Fv2%2Fcomments&post=1183"}],"version-history":[{"count":19,"href":"http:\/\/www.dj-vodovod.hr\/index.php?rest_route=\/wp\/v2\/pages\/1183\/revisions"}],"predecessor-version":[{"id":3881,"href":"http:\/\/www.dj-vodovod.hr\/index.php?rest_route=\/wp\/v2\/pages\/1183\/revisions\/3881"}],"wp:attachment":[{"href":"http:\/\/www.dj-vodovod.hr\/index.php?rest_route=%2Fwp%2Fv2%2Fmedia&parent=1183"}],"curies":[{"name":"wp","href":"https:\/\/api.w.org\/{rel}","templated":true}]}}