{"id":12,"date":"2012-09-30T15:45:05","date_gmt":"2012-09-30T15:45:05","guid":{"rendered":"http:\/\/www.dj-vodovod.hr\/?page_id=12"},"modified":"2024-09-03T07:12:52","modified_gmt":"2024-09-03T07:12:52","slug":"kontakt","status":"publish","type":"page","link":"http:\/\/www.dj-vodovod.hr\/?page_id=12","title":{"rendered":"Kontakt"},"content":{"rendered":"<p>\u0110akova\u010dki vodovod d.o.o.<\/p>\n<p>Bana Jela\u010di\u0107a 65<\/p>\n<p>31400 \u0110akovo<\/p>\n<table style=\"height: 718px;\" border=\"0\" width=\"709\" cellspacing=\"0\" cellpadding=\"0\">\n<tbody>\n<tr>\n<td valign=\"bottom\" nowrap=\"nowrap\" width=\"64\">centrala<\/td>\n<td valign=\"bottom\" nowrap=\"nowrap\" width=\"64\">&nbsp;<\/td>\n<td valign=\"bottom\" nowrap=\"nowrap\" width=\"64\">&nbsp;<\/td>\n<td valign=\"bottom\" nowrap=\"nowrap\" width=\"64\">&nbsp;<\/td>\n<td valign=\"bottom\" nowrap=\"nowrap\" width=\"64\">&nbsp;<\/td>\n<td valign=\"bottom\" nowrap=\"nowrap\" width=\"64\">&nbsp;<\/td>\n<td valign=\"bottom\" nowrap=\"nowrap\" width=\"64\">&nbsp;<\/td>\n<td valign=\"bottom\" nowrap=\"nowrap\" width=\"64\">&nbsp;<\/td>\n<td valign=\"bottom\" nowrap=\"nowrap\" width=\"64\">&nbsp;<\/td>\n<\/tr>\n<tr>\n<td colspan=\"2\" valign=\"bottom\" nowrap=\"nowrap\" width=\"128\">031\/813-564<\/td>\n<td colspan=\"2\" valign=\"bottom\" nowrap=\"nowrap\" width=\"128\">031\/811-773<\/td>\n<td colspan=\"2\" valign=\"bottom\" nowrap=\"nowrap\" width=\"128\">031\/814-773<\/td>\n<td valign=\"bottom\" nowrap=\"nowrap\" width=\"64\">&nbsp;<\/td>\n<td valign=\"bottom\" nowrap=\"nowrap\" width=\"64\">&nbsp;<\/td>\n<td valign=\"bottom\" nowrap=\"nowrap\" width=\"64\">&nbsp;<\/td>\n<\/tr>\n<tr>\n<td valign=\"bottom\" nowrap=\"nowrap\" width=\"64\">fax<\/td>\n<td colspan=\"2\" valign=\"bottom\" nowrap=\"nowrap\" width=\"128\">031\/812-320<\/td>\n<td valign=\"bottom\" nowrap=\"nowrap\" width=\"64\">&nbsp;<\/td>\n<td valign=\"bottom\" nowrap=\"nowrap\" width=\"64\">&nbsp;<\/td>\n<td valign=\"bottom\" nowrap=\"nowrap\" width=\"64\">&nbsp;<\/td>\n<td valign=\"bottom\" nowrap=\"nowrap\" width=\"64\">&nbsp;<\/td>\n<td valign=\"bottom\" nowrap=\"nowrap\" width=\"64\">&nbsp;<\/td>\n<td valign=\"bottom\" nowrap=\"nowrap\" width=\"64\">&nbsp;<\/td>\n<\/tr>\n<tr>\n<td valign=\"bottom\" nowrap=\"nowrap\" width=\"64\">e-mail<\/td>\n<td colspan=\"3\" valign=\"bottom\" nowrap=\"nowrap\" width=\"192\"><span style=\"text-decoration: underline;\"><a href=\"mailto:uprava@dj-vodovod.hr\">uprava@dj-vodovod.hr<\/a><\/span><\/td>\n<td valign=\"bottom\" nowrap=\"nowrap\" width=\"64\"><a href=\"mailto:dj.vodovod@inet.hr\">dj.vodovod@inet.hr<\/a><\/td>\n<td valign=\"bottom\" nowrap=\"nowrap\" width=\"64\">&nbsp;<\/td>\n<td valign=\"bottom\" nowrap=\"nowrap\" width=\"64\">&nbsp;<\/td>\n<td valign=\"bottom\" nowrap=\"nowrap\" width=\"64\">&nbsp;<\/td>\n<td valign=\"bottom\" nowrap=\"nowrap\" width=\"64\">&nbsp;<\/td>\n<\/tr>\n<tr>\n<td colspan=\"8\" valign=\"bottom\" nowrap=\"nowrap\" width=\"100\">&nbsp;IBAN: HR5223600001102680108&nbsp; Zagreba\u010dka banka d.d.<\/td>\n<\/tr>\n<tr>\n<td colspan=\"8\" valign=\"bottom\" nowrap=\"nowrap\" width=\"100\">&nbsp;SWIFT\/BIC: ZABAHR2X<\/td>\n<\/tr>\n<tr>\n<td colspan=\"8\" valign=\"bottom\" nowrap=\"nowrap\" width=\"100\">OIB:&nbsp;04829242916<\/td>\n<\/tr>\n<tr>\n<td valign=\"bottom\" nowrap=\"nowrap\" width=\"64\">&nbsp;<\/td>\n<td valign=\"bottom\" nowrap=\"nowrap\" width=\"64\">&nbsp;<\/td>\n<td valign=\"bottom\" nowrap=\"nowrap\" width=\"64\">&nbsp;<\/td>\n<td valign=\"bottom\" nowrap=\"nowrap\" width=\"64\">&nbsp;<\/td>\n<td valign=\"bottom\" nowrap=\"nowrap\" width=\"64\">&nbsp;<\/td>\n<td valign=\"bottom\" nowrap=\"nowrap\" width=\"64\">&nbsp;<\/td>\n<td valign=\"bottom\" nowrap=\"nowrap\" width=\"64\">&nbsp;<\/td>\n<td valign=\"bottom\" nowrap=\"nowrap\" width=\"64\">&nbsp;<\/td>\n<td valign=\"bottom\" nowrap=\"nowrap\" width=\"64\">&nbsp;<\/td>\n<\/tr>\n<tr>\n<td valign=\"bottom\" nowrap=\"nowrap\" width=\"64\">direktor<\/td>\n<td colspan=\"3\" valign=\"bottom\" nowrap=\"nowrap\" width=\"192\">Ivan Ko\u010di\u0161, dipl. ing. el.<\/td>\n<td valign=\"bottom\" nowrap=\"nowrap\" width=\"64\">&nbsp;<\/td>\n<td valign=\"bottom\" nowrap=\"nowrap\" width=\"64\">&nbsp;<\/td>\n<td valign=\"bottom\" nowrap=\"nowrap\" width=\"64\">&nbsp;<\/td>\n<td valign=\"bottom\" nowrap=\"nowrap\" width=\"64\">&nbsp;<\/td>\n<td valign=\"bottom\" nowrap=\"nowrap\" width=\"64\">&nbsp;<\/td>\n<\/tr>\n<tr>\n<td colspan=\"2\" valign=\"bottom\" nowrap=\"nowrap\" width=\"128\">tel: 031\/813-564<\/td>\n<td colspan=\"2\" valign=\"bottom\" nowrap=\"nowrap\" width=\"128\">fax: 031\/812-320<\/td>\n<td valign=\"bottom\" nowrap=\"nowrap\" width=\"64\">e-mail:<\/td>\n<td colspan=\"3\" valign=\"bottom\" nowrap=\"nowrap\" width=\"192\"><span style=\"text-decoration: underline;\"><a href=\"mailto:dj.vodovod@inet.hr\">uprava@dj-vodovod.hr<\/a><\/span><\/td>\n<td valign=\"bottom\" nowrap=\"nowrap\" width=\"64\">&nbsp;<\/td>\n<\/tr>\n<tr>\n<td colspan=\"5\" valign=\"bottom\" nowrap=\"nowrap\" width=\"320\">voditelj ra\u010dunovodstveno financijskog odjela<\/td>\n<td colspan=\"3\" valign=\"bottom\" nowrap=\"nowrap\" width=\"192\">Svjetlana \u0160imundi\u0107, oecc.<\/td>\n<td valign=\"bottom\" nowrap=\"nowrap\" width=\"64\">&nbsp;<\/td>\n<\/tr>\n<tr>\n<td colspan=\"2\" valign=\"bottom\" nowrap=\"nowrap\" width=\"128\">tel: 031\/813-564<br \/>\ntel: 031\/821-827<\/td>\n<td colspan=\"2\" valign=\"bottom\" nowrap=\"nowrap\" width=\"128\">fax: 031\/812-320<br \/>\nfax: 031\/812-320<\/td>\n<td valign=\"bottom\" nowrap=\"nowrap\" width=\"64\">e-mail:<br \/>\ne-mail:<\/td>\n<td colspan=\"4\" valign=\"bottom\" nowrap=\"nowrap\" width=\"256\"><span style=\"text-decoration: underline;\"><a href=\"mailto:svjetlana.simundic@dj-vodovod.hr\">svjetlana.simundic@dj-vodovod.hr<\/a><br \/>\n<\/span><a href=\"mailto:potrosnja@dj-vodovod.hr\">potrosnja@dj-vodovod.hr<\/a><\/td>\n<\/tr>\n<tr>\n<td colspan=\"5\" valign=\"bottom\" nowrap=\"nowrap\" width=\"320\">voditelj vodooskrbe<\/td>\n<td colspan=\"3\" valign=\"bottom\" nowrap=\"nowrap\" width=\"192\">Petar Bla\u017eevi\u0107, ing.stroj.<\/td>\n<\/tr>\n<tr>\n<td colspan=\"2\" valign=\"bottom\" nowrap=\"nowrap\" width=\"128\">tel: 031\/813-564<\/td>\n<td colspan=\"2\" valign=\"bottom\" nowrap=\"nowrap\" width=\"128\">fax: 031\/812-320<\/td>\n<td valign=\"bottom\" nowrap=\"nowrap\" width=\"64\">e-mail:<\/td>\n<td colspan=\"4\" valign=\"bottom\" nowrap=\"nowrap\" width=\"256\"><span style=\"text-decoration: underline;\"><a href=\"mailto:petar.blazevic@dj-vodovod.hr\">petar.blazevic@dj-vodovod.hr<\/a><\/span><\/td>\n<\/tr>\n<tr>\n<td colspan=\"5\" valign=\"bottom\" nowrap=\"nowrap\" width=\"320\">&nbsp;<\/td>\n<td colspan=\"3\" valign=\"bottom\" nowrap=\"nowrap\" width=\"192\">&nbsp;<\/td>\n<\/tr>\n<tr>\n<td colspan=\"5\" valign=\"bottom\" nowrap=\"nowrap\" width=\"320\">voditelj odvodnje<\/td>\n<td colspan=\"3\" valign=\"bottom\" nowrap=\"nowrap\" width=\"192\">Dalibor Burilo, dipl.ing.<\/td>\n<\/tr>\n<tr>\n<td colspan=\"2\" valign=\"bottom\" nowrap=\"nowrap\" width=\"128\">tel: 031\/813-564<\/td>\n<td colspan=\"2\" valign=\"bottom\" nowrap=\"nowrap\" width=\"128\">fax: 031\/812-320<\/td>\n<td valign=\"bottom\" nowrap=\"nowrap\" width=\"64\">e-mail:<\/td>\n<td colspan=\"3\" valign=\"bottom\" nowrap=\"nowrap\" width=\"192\"><span style=\"text-decoration: underline;\"><a href=\"mailto:zlatko.ditrih@dj-vodovod.hr\">dalibor.burilo@dj-vodovod.hr<\/a><\/span><\/td>\n<td valign=\"bottom\" nowrap=\"nowrap\" width=\"64\">&nbsp;<\/td>\n<\/tr>\n<tr>\n<td colspan=\"5\" valign=\"bottom\" nowrap=\"nowrap\" width=\"320\">Komercijala<\/td>\n<td colspan=\"3\" valign=\"bottom\" nowrap=\"nowrap\" width=\"192\">&nbsp;<\/td>\n<\/tr>\n<tr>\n<td colspan=\"2\" valign=\"bottom\" nowrap=\"nowrap\" width=\"128\">tel: 031\/813-564<\/td>\n<td colspan=\"2\" valign=\"bottom\" nowrap=\"nowrap\" width=\"128\">fax: 031\/812-012<\/td>\n<td valign=\"bottom\" nowrap=\"nowrap\" width=\"64\">e-mail:<\/td>\n<td colspan=\"3\" valign=\"bottom\" nowrap=\"nowrap\" width=\"192\">&nbsp;<\/td>\n<td valign=\"bottom\" nowrap=\"nowrap\" width=\"64\">&nbsp;<\/td>\n<\/tr>\n<tr>\n<td colspan=\"5\" valign=\"bottom\" nowrap=\"nowrap\" width=\"320\">&nbsp;<\/td>\n<td colspan=\"3\" valign=\"bottom\" nowrap=\"nowrap\" width=\"192\">&nbsp;<\/td>\n<td valign=\"bottom\" nowrap=\"nowrap\" width=\"64\">&nbsp;<\/td>\n<td valign=\"bottom\" nowrap=\"nowrap\" width=\"64\">&nbsp;<\/td>\n<\/tr>\n<tr>\n<td colspan=\"2\" valign=\"bottom\" nowrap=\"nowrap\" width=\"128\">prigovori<\/p>\n<p>povjerenstvo &#8211; reklamacije<\/td>\n<td colspan=\"2\" valign=\"bottom\" nowrap=\"nowrap\" width=\"128\">&nbsp;<\/td>\n<td valign=\"bottom\" nowrap=\"nowrap\" width=\"64\">&nbsp;<\/td>\n<td colspan=\"4\" valign=\"bottom\" nowrap=\"nowrap\" width=\"256\"><a href=\"mailto:prigovor@dj-vodovod.hr\">prigovor@dj-vodovod.hr<\/a><\/p>\n<p><a href=\"mailto:povjerenstvo_reklamacije@dj-vodovod.hr\">povjerenstvo_reklamacije@dj-vodovod.hr<\/a><\/td>\n<\/tr>\n<tr>\n<td valign=\"bottom\" nowrap=\"nowrap\" width=\"64\">&nbsp;<\/td>\n<td valign=\"bottom\" nowrap=\"nowrap\" width=\"64\">&nbsp;<\/td>\n<td valign=\"bottom\" nowrap=\"nowrap\" width=\"64\">&nbsp;<\/td>\n<td valign=\"bottom\" nowrap=\"nowrap\" width=\"64\">&nbsp;<\/td>\n<td valign=\"bottom\" nowrap=\"nowrap\" width=\"64\">&nbsp;<\/td>\n<td valign=\"bottom\" nowrap=\"nowrap\" width=\"64\">&nbsp;<\/td>\n<td valign=\"bottom\" nowrap=\"nowrap\" width=\"64\">&nbsp;<\/td>\n<td valign=\"bottom\" nowrap=\"nowrap\" width=\"64\">&nbsp;<\/td>\n<td valign=\"bottom\" nowrap=\"nowrap\" width=\"64\">&nbsp;<\/td>\n<\/tr>\n<tr>\n<td colspan=\"4\" valign=\"bottom\" nowrap=\"nowrap\" width=\"256\"><strong>de\u017eurna slu\u017eba &#8211; crpili\u0161te Trslana<\/strong><\/td>\n<td valign=\"bottom\" nowrap=\"nowrap\" width=\"64\">&nbsp;<\/td>\n<td valign=\"bottom\" nowrap=\"nowrap\" width=\"64\">&nbsp;<\/td>\n<td valign=\"bottom\" nowrap=\"nowrap\" width=\"64\">&nbsp;<\/td>\n<td valign=\"bottom\" nowrap=\"nowrap\" width=\"64\">&nbsp;<\/td>\n<td valign=\"bottom\" nowrap=\"nowrap\" width=\"64\">&nbsp;<\/td>\n<\/tr>\n<tr>\n<td colspan=\"2\" valign=\"bottom\" nowrap=\"nowrap\" width=\"128\">031\/818-295<br \/>\n091\/4000-367<\/td>\n<td valign=\"bottom\" nowrap=\"nowrap\" width=\"64\">&nbsp;<\/td>\n<td valign=\"bottom\" nowrap=\"nowrap\" width=\"64\">&nbsp;<\/td>\n<td valign=\"bottom\" nowrap=\"nowrap\" width=\"64\">&nbsp;<\/td>\n<td valign=\"bottom\" nowrap=\"nowrap\" width=\"64\">&nbsp;<\/td>\n<td valign=\"bottom\" nowrap=\"nowrap\" width=\"64\">&nbsp;<\/td>\n<td valign=\"bottom\" nowrap=\"nowrap\" width=\"64\">&nbsp;<\/td>\n<td valign=\"bottom\" nowrap=\"nowrap\" width=\"64\">&nbsp;<\/td>\n<\/tr>\n<\/tbody>\n<\/table>\n<p>&nbsp;<\/p>\n","protected":false},"excerpt":{"rendered":"<p>\u0110akova\u010dki vodovod d.o.o. Bana Jela\u010di\u0107a 65 31400 \u0110akovo centrala &nbsp; &nbsp; &nbsp; &nbsp; &nbsp; &nbsp; &nbsp; &nbsp; 031\/813-564 031\/811-773 031\/814-773 &nbsp; &nbsp; &nbsp; fax 031\/812-320 &nbsp; &nbsp; &nbsp; &nbsp; &nbsp; &nbsp; e-mail uprava@dj-vodovod.hr dj.vodovod@inet.hr &nbsp; &nbsp; &nbsp; &nbsp; &nbsp;IBAN: HR5223600001102680108&nbsp; Zagreba\u010dka banka d.d. &nbsp;SWIFT\/BIC: ZABAHR2X OIB:&nbsp;04829242916 &nbsp; &nbsp; &nbsp; &nbsp; &nbsp; &nbsp; &nbsp; &nbsp; &nbsp; [&hellip;]<\/p>\n","protected":false},"author":1,"featured_media":0,"parent":0,"menu_order":5,"comment_status":"open","ping_status":"closed","template":"page-full.php","meta":{"ngg_post_thumbnail":0,"footnotes":""},"_links":{"self":[{"href":"http:\/\/www.dj-vodovod.hr\/index.php?rest_route=\/wp\/v2\/pages\/12"}],"collection":[{"href":"http:\/\/www.dj-vodovod.hr\/index.php?rest_route=\/wp\/v2\/pages"}],"about":[{"href":"http:\/\/www.dj-vodovod.hr\/index.php?rest_route=\/wp\/v2\/types\/page"}],"author":[{"embeddable":true,"href":"http:\/\/www.dj-vodovod.hr\/index.php?rest_route=\/wp\/v2\/users\/1"}],"replies":[{"embeddable":true,"href":"http:\/\/www.dj-vodovod.hr\/index.php?rest_route=%2Fwp%2Fv2%2Fcomments&post=12"}],"version-history":[{"count":51,"href":"http:\/\/www.dj-vodovod.hr\/index.php?rest_route=\/wp\/v2\/pages\/12\/revisions"}],"predecessor-version":[{"id":3499,"href":"http:\/\/www.dj-vodovod.hr\/index.php?rest_route=\/wp\/v2\/pages\/12\/revisions\/3499"}],"wp:attachment":[{"href":"http:\/\/www.dj-vodovod.hr\/index.php?rest_route=%2Fwp%2Fv2%2Fmedia&parent=12"}],"curies":[{"name":"wp","href":"https:\/\/api.w.org\/{rel}","templated":true}]}}