{"id":2028,"date":"2020-06-09T12:08:25","date_gmt":"2020-06-09T12:08:25","guid":{"rendered":"http:\/\/www.dj-vodovod.hr\/?page_id=2028"},"modified":"2026-02-05T08:26:24","modified_gmt":"2026-02-05T08:26:24","slug":"izvjestaj-o-kvaliteti-vode-za-pice","status":"publish","type":"page","link":"http:\/\/www.dj-vodovod.hr\/?page_id=2028","title":{"rendered":"Izvje\u0161taj o kvaliteti vode za pi\u0107e"},"content":{"rendered":"<p><a href=\"http:\/\/www.dj-vodovod.hr\/wp-content\/uploads\/2025\/05\/Analiticko-izvjesce-Semeljci-B-Analiza.pdf\">Analiti\u010dko izvje\u0161\u0107e Semeljci &#8211; B Analiza<\/a><\/p>\n<p><a href=\"http:\/\/www.dj-vodovod.hr\/wp-content\/uploads\/2025\/05\/Analiticko-izvjesce-Sumarija-B-Analiza.pdf\">Analiti\u010dko izvje\u0161\u0107e \u0160umarija &#8211; B Analiza<\/a><\/p>\n<p><a href=\"http:\/\/www.dj-vodovod.hr\/wp-content\/uploads\/2025\/05\/Analiticko-izvjesce-Kucanci-B-Analiza.pdf\">Analiti\u010dko izvje\u0161\u0107e Ku\u0107anci &#8211; B Analiza<\/a><\/p>\n<p><a href=\"http:\/\/www.dj-vodovod.hr\/wp-content\/uploads\/2025\/05\/Analiticko-izvjesce-Trslana-\u2013-B-Analiza.pdf\">Analiti\u010dko izvje\u0161\u0107e Trslana &#8211; B Analiza<\/a><\/p>\n<p><a href=\"http:\/\/www.dj-vodovod.hr\/wp-content\/uploads\/2025\/05\/Crpiliste-Trslana-03-2025.pdf\">ANALITI\u010cKO IZVJE\u0160\u0106E Trslana 03-2025<\/a><\/p>\n<p><a href=\"http:\/\/www.dj-vodovod.hr\/wp-content\/uploads\/2025\/05\/Crpiliste-Trslana-04-2025.pdf\">ANALITI\u010cKO IZVJE\u0160\u0106E Trslana 04-2025<\/a><\/p>\n<p><a href=\"http:\/\/www.dj-vodovod.hr\/wp-content\/uploads\/2025\/05\/Crpiliste-Kucanci-03-2025.pdf\">ANALITI\u010cKO IZVJE\u0160\u0106E Ku\u0107anci 03-2025<\/a><\/p>\n<p><a href=\"http:\/\/www.dj-vodovod.hr\/wp-content\/uploads\/2025\/05\/Crpiliste-Kucanci-04-2025.pdf\">ANALITI\u010cKO IZVJE\u0160\u0106E Ku\u0107anci 04-2025<\/a><\/p>\n<p><a href=\"http:\/\/www.dj-vodovod.hr\/wp-content\/uploads\/2025\/05\/Crpiliste-Semeljci-03-2025.pdf\">ANALITI\u010cKO IZVJE\u0160\u0106E Semeljci 03-2025<\/a><\/p>\n<p><a href=\"http:\/\/www.dj-vodovod.hr\/wp-content\/uploads\/2025\/05\/Crpiliste-Semeljci-04-2025.pdf\">ANALITI\u010cKO IZVJE\u0160CE Semeljci 04-2025<\/a><\/p>\n<p><a href=\"http:\/\/www.dj-vodovod.hr\/wp-content\/uploads\/2025\/05\/Crpiliste-Sumarija-03-2025.pdf\">ANALITI\u010cKO IZVJE\u0160\u0106E \u0160umarija 03-2025<\/a><\/p>\n<p><a href=\"http:\/\/www.dj-vodovod.hr\/wp-content\/uploads\/2025\/05\/Crpiliste-Sumarija-04-2025.pdf\">ANALITI\u010cKO IZVJE\u0160\u0106E \u0160umarija 04-2025<\/a><\/p>\n<p><a href=\"http:\/\/www.dj-vodovod.hr\/wp-content\/uploads\/2025\/07\/ANALITICKO-IZVJESCE-Sumarija-05-2025.pdf\">ANALITI\u010cKO IZVJE\u0160\u0106E \u0160umarija 05-2025<\/a><\/p>\n<p><a href=\"http:\/\/www.dj-vodovod.hr\/wp-content\/uploads\/2025\/07\/ANALITICKO-IZVJESCE-Semeljci-05-2025.pdf\">ANALITI\u010cKO IZVJE\u0160\u0106E Semeljci 05-2025<\/a><\/p>\n<p><a href=\"http:\/\/www.dj-vodovod.hr\/wp-content\/uploads\/2025\/07\/ANALITICKO-IZVJESCE-Kucanci-05-2025.pdf\">ANALITI\u010cKO IZVJE\u0160\u0106E Ku\u0107anci 05-2025<\/a><\/p>\n<p><a href=\"http:\/\/www.dj-vodovod.hr\/wp-content\/uploads\/2025\/07\/ANALITICKO-IZVJESCE-Trslana-05-2025.pdf\">ANALITI\u010cKO IZVJE\u0160\u0106E Trslana 05-2025<\/a><\/p>\n<p><a href=\"http:\/\/www.dj-vodovod.hr\/wp-content\/uploads\/2025\/07\/ANALITICKO-IZVJESCE-Sumarija-06-2025.pdf\">ANALITI\u010cKO IZVJE\u0160\u0106E \u0160umarija 06-2025<\/a><\/p>\n<p><a href=\"http:\/\/www.dj-vodovod.hr\/wp-content\/uploads\/2025\/07\/ANALITICKO-IZVJESCE-Semeljci-06-2025.pdf\">ANALITI\u010cKO IZVJE\u0160\u0106E Semeljci 06-2025<\/a><\/p>\n<p><a href=\"http:\/\/www.dj-vodovod.hr\/wp-content\/uploads\/2025\/07\/ANALITICKO-IZVJESCE-Kucanci-06-2025.pdf\">ANALITI\u010cKO IZVJE\u0160\u0106E Ku\u0107anci 06-2025<\/a><\/p>\n<p><a href=\"http:\/\/www.dj-vodovod.hr\/wp-content\/uploads\/2025\/07\/ANALITICKO-IZVJESCE-Trslana-06-2025.pdf\">ANALITI\u010cKO IZVJE\u0160\u0106E Trslana 06-2025<\/a><\/p>\n<p><a href=\"http:\/\/www.dj-vodovod.hr\/wp-content\/uploads\/2025\/07\/ANALITICKO-IZVJESCE-Sumarija-07-2025.pdf\">ANALITI\u010cKO IZVJE\u0160\u0106E \u0160umarija 07-2025<\/a><\/p>\n<p><a href=\"http:\/\/www.dj-vodovod.hr\/wp-content\/uploads\/2025\/07\/ANALITICKO-IZVJESCE-Semeljci-07-2025.pdf\">ANALITI\u010cKO IZVJE\u0160\u0106E Semeljci 07-2025<\/a><\/p>\n<p><a href=\"http:\/\/www.dj-vodovod.hr\/wp-content\/uploads\/2025\/07\/ANALITICKO-IZVJESCE-Kucanci-07-2025.pdf\">ANALITI\u010cKO IZVJE\u0160\u0106E Ku\u0107anci 07-2025<\/a><\/p>\n<p><a href=\"http:\/\/www.dj-vodovod.hr\/wp-content\/uploads\/2025\/07\/ANALITICKO-IZVJESCE-Trslana-07-2025.pdf\">ANALITI\u010cKO IZVJE\u0160\u0106E Trslana 07-2025<\/a><\/p>\n<p><a href=\"http:\/\/www.dj-vodovod.hr\/wp-content\/uploads\/2026\/02\/ANALITICKO-IZVJESCE-Trslana-08-2025.pdf\">ANALITI\u010cKO IZVJE\u0160\u0106E Trslana 08-2025<\/a><\/p>\n<p><a href=\"http:\/\/www.dj-vodovod.hr\/wp-content\/uploads\/2026\/02\/ANALITICKO-IZVJESCE-Semeljci-08-2025.pdf\">ANALITI\u010cKO IZVJE\u0160\u0106E Semeljci 08-2025<\/a><\/p>\n<p><a href=\"http:\/\/www.dj-vodovod.hr\/wp-content\/uploads\/2026\/02\/ANALITICKO-IZVJESCE-Sumarija-08-2025.pdf\">ANALITI\u010cKO IZVJE\u0160\u0106E \u0160umarija 08-2025<\/a><\/p>\n<p><a href=\"http:\/\/www.dj-vodovod.hr\/wp-content\/uploads\/2026\/02\/ANALITICKO-IZVJESCE-Kucanci-08-2025.pdf\">ANALITI\u010cKO IZVJE\u0160\u0106E Ku\u0107anci 08-2025<\/a><\/p>\n<p><a href=\"http:\/\/www.dj-vodovod.hr\/wp-content\/uploads\/2026\/02\/ANALITICKO-IZVJESCE-Trslana-09-2025.pdf\">ANALITI\u010cKO IZVJE\u0160\u0106E Trslana 09-2025<\/a><\/p>\n<p><a href=\"http:\/\/www.dj-vodovod.hr\/wp-content\/uploads\/2026\/02\/ANALITICKO-IZVJESCE-Semeljci-09-2025.pdf\">ANALITI\u010cKO IZVJE\u0160\u0106E Semeljci 09-2025<\/a><\/p>\n<p><a href=\"http:\/\/www.dj-vodovod.hr\/wp-content\/uploads\/2026\/02\/ANALITICKO-IZVJESCE-Sumarija-09-2025.pdf\">ANALITI\u010cKO IZVJE\u0160\u0106E \u0160umarija 09-2025<\/a><\/p>\n<p><a href=\"http:\/\/www.dj-vodovod.hr\/wp-content\/uploads\/2026\/02\/ANALITICKO-IZVJESCE-Kucanci-09-2025.pdf\">ANALITI\u010cKO IZVJE\u0160\u0106E Ku\u0107anci 09-2025<\/a><\/p>\n<p><a href=\"http:\/\/www.dj-vodovod.hr\/wp-content\/uploads\/2026\/02\/ANALITICKO-IZVJESCE-Kucanci-10-2025.pdf\">ANALITI\u010cKO IZVJE\u0160\u0106E Ku\u0107anci 10-2025<\/a><\/p>\n<p><a href=\"http:\/\/www.dj-vodovod.hr\/wp-content\/uploads\/2026\/02\/ANALITICKO-IZVJESCE-Sumarija-10-2025.pdf\">ANALITI\u010cKO IZVJE\u0160\u0106E \u0160umarija 10-2025<\/a><\/p>\n<p><a href=\"http:\/\/www.dj-vodovod.hr\/wp-content\/uploads\/2026\/02\/ANALITICKO-IZVJESCE-Semeljci-10-2025.pdf\">ANALITI\u010cKO IZVJE\u0160\u0106E Semeljci 10-2025<\/a><\/p>\n<p><a href=\"http:\/\/www.dj-vodovod.hr\/wp-content\/uploads\/2026\/02\/ANALITICKO-IZVJESCE-Trslana-10-2025.pdf\">ANALITI\u010cKO IZVJE\u0160\u0106E Trslana 10-2025<\/a><\/p>\n<p><a href=\"http:\/\/www.dj-vodovod.hr\/wp-content\/uploads\/2026\/02\/ANALITICKO-IZVJESCE-Trslana-11-2025.pdf\">ANALITI\u010cKO IZVJE\u0160\u0106E Trslana 11-2025<\/a> &nbsp;<\/p>\n<p><a href=\"http:\/\/www.dj-vodovod.hr\/wp-content\/uploads\/2026\/02\/ANALITICKO-IZVJESCE-Kucanci-11-2025.pdf\">ANALITI\u010cKO IZVJE\u0160\u0106E Ku\u0107anci 11-2025<\/a><\/p>\n<p><a href=\"http:\/\/www.dj-vodovod.hr\/wp-content\/uploads\/2026\/02\/ANALITICKO-IZVJESCE-Sumarija-11-2025.pdf\">ANALITI\u010cKO IZVJE\u0160\u0106E \u0160umarija 11-2025<\/a><\/p>\n<p><a href=\"http:\/\/www.dj-vodovod.hr\/wp-content\/uploads\/2026\/02\/ANALITICKO-IZVJESCE-Semeljci-11-2025.pdf\">ANALITI\u010cKO IZVJE\u0160\u0106E Semeljci 11-2025<\/a><\/p>\n<p><a href=\"http:\/\/www.dj-vodovod.hr\/wp-content\/uploads\/2026\/02\/ANALITICKO-IZVJESCE-Kucanci-12-2025.pdf\">ANALITI\u010cKO IZVJE\u0160\u0106E Ku\u0107anci 12-2025<\/a><\/p>\n<p><a href=\"http:\/\/www.dj-vodovod.hr\/wp-content\/uploads\/2026\/02\/ANALITICKO-IZVJESCE-Sumarija-12-2025.pdf\">ANALITI\u010cKO IZVJE\u0160\u0106E \u0160umarija 12-2025<\/a><\/p>\n<p><a href=\"http:\/\/www.dj-vodovod.hr\/wp-content\/uploads\/2026\/02\/ANALITICKO-IZVJESCE-Semeljci-12-2025.pdf\">ANALITI\u010cKO IZVJE\u0160\u0106E Semeljci 12-2025<\/a><\/p>\n<p><a href=\"http:\/\/www.dj-vodovod.hr\/wp-content\/uploads\/2026\/02\/ANALITICKO-IZVJESCE-Trslana-12-2025.pdf\">ANALITI\u010cKO IZVJE\u0160\u0106E Trslana 12-2025<\/a><\/p>\n<p>&nbsp;<\/p>\n","protected":false},"excerpt":{"rendered":"<p>Analiti\u010dko izvje\u0161\u0107e Semeljci &#8211; B Analiza Analiti\u010dko izvje\u0161\u0107e \u0160umarija &#8211; B Analiza Analiti\u010dko izvje\u0161\u0107e Ku\u0107anci &#8211; B Analiza Analiti\u010dko izvje\u0161\u0107e Trslana &#8211; B Analiza ANALITI\u010cKO IZVJE\u0160\u0106E Trslana 03-2025 ANALITI\u010cKO IZVJE\u0160\u0106E Trslana 04-2025 ANALITI\u010cKO IZVJE\u0160\u0106E Ku\u0107anci 03-2025 ANALITI\u010cKO IZVJE\u0160\u0106E Ku\u0107anci 04-2025 ANALITI\u010cKO IZVJE\u0160\u0106E Semeljci 03-2025 ANALITI\u010cKO IZVJE\u0160CE Semeljci 04-2025 ANALITI\u010cKO IZVJE\u0160\u0106E \u0160umarija 03-2025 ANALITI\u010cKO IZVJE\u0160\u0106E \u0160umarija [&hellip;]<\/p>\n","protected":false},"author":1,"featured_media":0,"parent":0,"menu_order":0,"comment_status":"closed","ping_status":"closed","template":"page-full.php","meta":{"ngg_post_thumbnail":0,"footnotes":""},"_links":{"self":[{"href":"http:\/\/www.dj-vodovod.hr\/index.php?rest_route=\/wp\/v2\/pages\/2028"}],"collection":[{"href":"http:\/\/www.dj-vodovod.hr\/index.php?rest_route=\/wp\/v2\/pages"}],"about":[{"href":"http:\/\/www.dj-vodovod.hr\/index.php?rest_route=\/wp\/v2\/types\/page"}],"author":[{"embeddable":true,"href":"http:\/\/www.dj-vodovod.hr\/index.php?rest_route=\/wp\/v2\/users\/1"}],"replies":[{"embeddable":true,"href":"http:\/\/www.dj-vodovod.hr\/index.php?rest_route=%2Fwp%2Fv2%2Fcomments&post=2028"}],"version-history":[{"count":77,"href":"http:\/\/www.dj-vodovod.hr\/index.php?rest_route=\/wp\/v2\/pages\/2028\/revisions"}],"predecessor-version":[{"id":4044,"href":"http:\/\/www.dj-vodovod.hr\/index.php?rest_route=\/wp\/v2\/pages\/2028\/revisions\/4044"}],"wp:attachment":[{"href":"http:\/\/www.dj-vodovod.hr\/index.php?rest_route=%2Fwp%2Fv2%2Fmedia&parent=2028"}],"curies":[{"name":"wp","href":"https:\/\/api.w.org\/{rel}","templated":true}]}}