{"id":2107,"date":"2020-09-24T11:22:52","date_gmt":"2020-09-24T11:22:52","guid":{"rendered":"http:\/\/www.dj-vodovod.hr\/?page_id=2107"},"modified":"2020-09-24T11:24:02","modified_gmt":"2020-09-24T11:24:02","slug":"izgradnja-spojnog-vodoopskrbnog-cjevovoda-izmedu-naselja-kondric-i-levanjska-varos-sa-izgradnjom-vodospreme","status":"publish","type":"page","link":"http:\/\/www.dj-vodovod.hr\/?page_id=2107","title":{"rendered":"Izgradnja spojnog vodoopskrbnog cjevovoda izme\u0111u naselja Kondri\u0107 i Levanjska Varo\u0161 sa izgradnjom vodospreme"},"content":{"rendered":"<h4 style=\"text-align: center;\"><a href=\"http:\/\/www.dj-vodovod.hr\/wp-content\/uploads\/2020\/09\/Kondric-Levanjska.jpg\"><img decoding=\"async\" loading=\"lazy\" class=\"alignnone wp-image-2108\" src=\"http:\/\/www.dj-vodovod.hr\/wp-content\/uploads\/2020\/09\/Kondric-Levanjska.jpg\" alt=\"\" width=\"435\" height=\"312\" srcset=\"http:\/\/www.dj-vodovod.hr\/wp-content\/uploads\/2020\/09\/Kondric-Levanjska.jpg 825w, http:\/\/www.dj-vodovod.hr\/wp-content\/uploads\/2020\/09\/Kondric-Levanjska-300x215.jpg 300w, http:\/\/www.dj-vodovod.hr\/wp-content\/uploads\/2020\/09\/Kondric-Levanjska-768x550.jpg 768w\" sizes=\"(max-width: 435px) 100vw, 435px\" \/><\/a><\/h4>\n<p>&nbsp;<\/p>\n<p>&nbsp;<\/p>\n<h4>OPIS PROJEKTA<\/h4>\n<p>Projekt je financiran iz Programa ruralnog razvoja Republike Hrvatske za razdoblje 2014.-2020., podmjere 7.2. \u201eUlaganja u izradu, pobolj\u0161anje ili pro\u0161irenje svih vrsta male infrastrukture, uklju\u010duju\u0107i ulaganja u obnovljive izvore energije i u\u0161tedu energije\u201c &#8211; provedba tipa operacije 7.2.1., \u201eUlaganja u gra\u0111enje javnih sustava za vodoopskrbu, odvodnju, pro\u010di\u0161\u0107avanje otpadnih voda\u201c.<br \/>\nProjektom je predvi\u0111ena izgradnja spojnog vodoopskrbnog cjevovoda izme\u0111u naselja Kondri\u0107 i Levanjska Varo\u0161 u duljini cca 11.853,57 m sa izgradnjom vodospreme u naselju Majar.<\/p>\n<h4><\/h4>\n<p>&nbsp;<\/p>\n<h4>CILJEVI<\/h4>\n<p>Cilj ovog projekta je izgradnja vodoopskrbnog cjevovoda i vodospreme \u010dijom bi se izgradnjom unaprijedilo postoje\u0107e stanje vodoopskrbe, pobolj\u0161ao bi se komunalni standard gra\u0111ana predmetnih naselja te bi se omogu\u0107ila kontinuirana opskrba zdravstveno ispravnom vodom za pi\u0107e sada\u0161njih i budu\u0107ih korisnika. Projektom je dano rje\u0161enje vodoopskrbe svih postoje\u0107ih i potencijalnih potro\u0161a\u010da predmetnih naselja.<\/p>\n<h4><\/h4>\n<p>&nbsp;<\/p>\n<h4>O\u010cEKIVANI REZULTATI<\/h4>\n<p>Realizacijom predmetnog projekta pro\u0161irit \u0107e se vodoopskrbna mre\u017ea na predmetnom podru\u010dju te \u0107e se izgraditi vodosprema.<br \/>\nNa taj \u0107e se na\u010din vodom opskrbljivati naselja Majar, Levanjska Varo\u0161 i Breznica \u0110akova\u010dka, a stanovnicima \u0107e se biti osigurana kontinuirana i sigurna isporuka potrebnih koli\u010dina zdravstveno ispravne i kvalitetne vode za pi\u0107e.<\/p>\n","protected":false},"excerpt":{"rendered":"<p>&nbsp; &nbsp; OPIS PROJEKTA Projekt je financiran iz Programa ruralnog razvoja Republike Hrvatske za razdoblje 2014.-2020., podmjere 7.2. \u201eUlaganja u izradu, pobolj\u0161anje ili pro\u0161irenje svih vrsta male infrastrukture, uklju\u010duju\u0107i ulaganja u obnovljive izvore energije i u\u0161tedu energije\u201c &#8211; provedba tipa operacije 7.2.1., \u201eUlaganja u gra\u0111enje javnih sustava za vodoopskrbu, odvodnju, pro\u010di\u0161\u0107avanje otpadnih voda\u201c. Projektom je [&hellip;]<\/p>\n","protected":false},"author":1,"featured_media":0,"parent":0,"menu_order":0,"comment_status":"closed","ping_status":"closed","template":"page-full.php","meta":{"ngg_post_thumbnail":0,"footnotes":""},"_links":{"self":[{"href":"http:\/\/www.dj-vodovod.hr\/index.php?rest_route=\/wp\/v2\/pages\/2107"}],"collection":[{"href":"http:\/\/www.dj-vodovod.hr\/index.php?rest_route=\/wp\/v2\/pages"}],"about":[{"href":"http:\/\/www.dj-vodovod.hr\/index.php?rest_route=\/wp\/v2\/types\/page"}],"author":[{"embeddable":true,"href":"http:\/\/www.dj-vodovod.hr\/index.php?rest_route=\/wp\/v2\/users\/1"}],"replies":[{"embeddable":true,"href":"http:\/\/www.dj-vodovod.hr\/index.php?rest_route=%2Fwp%2Fv2%2Fcomments&post=2107"}],"version-history":[{"count":4,"href":"http:\/\/www.dj-vodovod.hr\/index.php?rest_route=\/wp\/v2\/pages\/2107\/revisions"}],"predecessor-version":[{"id":2112,"href":"http:\/\/www.dj-vodovod.hr\/index.php?rest_route=\/wp\/v2\/pages\/2107\/revisions\/2112"}],"wp:attachment":[{"href":"http:\/\/www.dj-vodovod.hr\/index.php?rest_route=%2Fwp%2Fv2%2Fmedia&parent=2107"}],"curies":[{"name":"wp","href":"https:\/\/api.w.org\/{rel}","templated":true}]}}