{"id":2434,"date":"2022-01-14T14:47:22","date_gmt":"2022-01-14T14:47:22","guid":{"rendered":"http:\/\/www.dj-vodovod.hr\/?page_id=2434"},"modified":"2025-09-26T11:40:26","modified_gmt":"2025-09-26T11:40:26","slug":"2434-2","status":"publish","type":"page","link":"http:\/\/www.dj-vodovod.hr\/?page_id=2434","title":{"rendered":"Izvje\u0161taji"},"content":{"rendered":"<p><a href=\"http:\/\/www.dj-vodovod.hr\/wp-content\/uploads\/2025\/09\/Izvjesce-neovisnog-revizora-i-financijski-izvjestaji-za-godinu-zavrsenu-31.-prosinca-2024.-godine_compressed-1.pdf\">Izvje\u0161\u0107e neovisnog revizora i financijski izvje\u0161taji za godinu zavr\u0161enu 31. prosinca 2024. godine<\/a><\/p>\n<p><a href=\"http:\/\/www.dj-vodovod.hr\/wp-content\/uploads\/2024\/08\/GRUBESA%20REVIZIJA%201.1.-31.12.2023.pdf\">Izvje\u0161\u0107e neovisnog revizora i financijski izvje\u0161taji za godinu zavr\u0161enu 31. prosinca 2023. godine<\/a><\/p>\n<p><a href=\"http:\/\/www.dj-vodovod.hr\/wp-content\/uploads\/2023\/09\/GRUBESA-d.o.o.-Izvjesce-neovisnog-revizora-i-financ.izvj_.-za-godinu-zavrsenu-31.12.2022.-godine-compressed.pdf\">Izvje\u0161\u0107e neovisnog revizora i financijski izvje\u0161taji za godinu zavr\u0161enu 31. prosinca 2022. godine<\/a><\/p>\n<p><a href=\"http:\/\/www.dj-vodovod.hr\/wp-content\/uploads\/2023\/09\/GRUBESA-d.o.o.-Izvjesce-neovisnog-revizora-i-financijski-izvjestaji-za-2021.-godinu-compressed.pdf\">Izvje\u0161\u0107e neovisnog revizora i financijski izvje\u0161taji za godinu zavr\u0161enu 31. prosinca 2021. godinu<\/a><\/p>\n<p><a href=\"http:\/\/www.dj-vodovod.hr\/wp-content\/uploads\/2022\/01\/Izvje\u0161\u0107e-neovisnog-revizora-i-financijski-izvje\u0161taji-za-godinu-zavr\u0161enu.31.-prosinca-2020.-godine.pdf\">Izvje\u0161\u0107e neovisnog revizora i financijski izvje\u0161taji za godinu zavr\u0161enu 31. prosinca 2020. godine<\/a><\/p>\n<p><a href=\"http:\/\/www.dj-vodovod.hr\/wp-content\/uploads\/2022\/01\/Izvje\u0161\u0107e-neovisnog-revizora-i-financijski-izvje\u0161taj-za-godinu-zavr\u0161enu-31.prosinca-2019.-godine.pdf\">Izvje\u0161\u0107e neovisnog revizora i financijski izvje\u0161taji za godinu zavr\u0161enu 31.prosinca 2019. godine<\/a><\/p>\n<p><a href=\"http:\/\/www.dj-vodovod.hr\/wp-content\/uploads\/2022\/01\/Izvje\u0161\u0107e-neovisnog-revizora-i-financijski-izvje\u0161taj-za-godinu-zavr\u0161enu-31.prosinca-2018.-godine.pdf\">Izvje\u0161\u0107e neovisnog revizora i financijski izvje\u0161taji za godinu zavr\u0161enu 31.prosinca 2018. godine<\/a><\/p>\n<p>&nbsp;<\/p>\n","protected":false},"excerpt":{"rendered":"<p>Izvje\u0161\u0107e neovisnog revizora i financijski izvje\u0161taji za godinu zavr\u0161enu 31. prosinca 2024. godine Izvje\u0161\u0107e neovisnog revizora i financijski izvje\u0161taji za godinu zavr\u0161enu 31. prosinca 2023. godine Izvje\u0161\u0107e neovisnog revizora i financijski izvje\u0161taji za godinu zavr\u0161enu 31. prosinca 2022. godine Izvje\u0161\u0107e neovisnog revizora i financijski izvje\u0161taji za godinu zavr\u0161enu 31. prosinca 2021. godinu Izvje\u0161\u0107e neovisnog revizora [&hellip;]<\/p>\n","protected":false},"author":1,"featured_media":0,"parent":0,"menu_order":0,"comment_status":"closed","ping_status":"closed","template":"","meta":{"ngg_post_thumbnail":0,"footnotes":""},"_links":{"self":[{"href":"http:\/\/www.dj-vodovod.hr\/index.php?rest_route=\/wp\/v2\/pages\/2434"}],"collection":[{"href":"http:\/\/www.dj-vodovod.hr\/index.php?rest_route=\/wp\/v2\/pages"}],"about":[{"href":"http:\/\/www.dj-vodovod.hr\/index.php?rest_route=\/wp\/v2\/types\/page"}],"author":[{"embeddable":true,"href":"http:\/\/www.dj-vodovod.hr\/index.php?rest_route=\/wp\/v2\/users\/1"}],"replies":[{"embeddable":true,"href":"http:\/\/www.dj-vodovod.hr\/index.php?rest_route=%2Fwp%2Fv2%2Fcomments&post=2434"}],"version-history":[{"count":6,"href":"http:\/\/www.dj-vodovod.hr\/index.php?rest_route=\/wp\/v2\/pages\/2434\/revisions"}],"predecessor-version":[{"id":3905,"href":"http:\/\/www.dj-vodovod.hr\/index.php?rest_route=\/wp\/v2\/pages\/2434\/revisions\/3905"}],"wp:attachment":[{"href":"http:\/\/www.dj-vodovod.hr\/index.php?rest_route=%2Fwp%2Fv2%2Fmedia&parent=2434"}],"curies":[{"name":"wp","href":"https:\/\/api.w.org\/{rel}","templated":true}]}}