{"id":6,"date":"2012-09-30T15:44:11","date_gmt":"2012-09-30T15:44:11","guid":{"rendered":"http:\/\/www.dj-vodovod.hr\/?page_id=6"},"modified":"2025-09-26T10:20:16","modified_gmt":"2025-09-26T10:20:16","slug":"profil","status":"publish","type":"page","link":"http:\/\/www.dj-vodovod.hr\/?page_id=6","title":{"rendered":"O nama"},"content":{"rendered":"<p><strong>\u0110AKOVA\u010cKI VODOVOD D.O.O.<\/strong><\/p>\n<p>\u0110akova\u010dki vodovod d.o.o. je trgova\u010dko dru\u0161tvo koje se kao osnovnom djelatno\u0161\u0107u bavi vodnim uslugama u koje prvenstveno spadaju pro\u010di\u0161\u0107avanje i distribucije pitke vode te odvodnja otpadnih voda.<\/p>\n<p>Temeljni kapital Dru\u0161tva: 20.550.670, 00 eura<\/p>\n<p>Organi Dru\u0161tva su:<\/p>\n<p>Skup\u0161tina<br \/>\nNadzorni odbor<br \/>\nUprava<\/p>\n<p>&nbsp;<\/p>\n<p>Nadzorni odbor ima 13 \u010dlanova.<\/p>\n<p>\u010clanove Nadzornog odbora bira Skup\u0161tina Dru\u0161tva, a predstavnika radnika bira Radni\u010dko vije\u0107e.<\/p>\n<p>&nbsp;<\/p>\n<p>Upravu \u010dini direktor dru\u0161tva: Ivan Ko\u010di\u0161, dipl. ing. el.<\/p>\n<p>&nbsp;<\/p>\n<p><strong>Predmet poslovanja<\/strong><\/p>\n<table>\n<tbody>\n<tr>\n<td>*Obavljanje djelatnosti javne vodoopskrbe:-zahva\u0107anje podzemnih i povr\u0161inskih voda namijenjenih ljudskoj potro\u0161nji, -kondicioniranje zahva\u0107enih voda, -isporuka do krajnjega korisnika ili do drugoga isporu\u010ditelja vodne usluge, &#8211; odr\u017eavanje i upravljanje gra\u0111evinama javne vodoopskrbe<\/td>\n<\/tr>\n<tr>\n<td>*Obavljanje djelatnosti javne odvodnje: -skupljanje otpadnih voda i dovo\u0111enje otpadnih voda do ure\u0111aja za pro\u010di\u0161\u0107avanje, -pro\u010di\u0161\u0107avanje i izravno ili neizravno ispu\u0161tanje u povr\u0161inske vode, -obrada mulja koji nastaje u procesu pro\u010di\u0161\u0107avanja voda, &#8211; odr\u017eavanje i upravljanje gra\u0111evinama javne odvodnje, &#8211; pra\u017enjenje i odvoz otpadnih voda iz septi\u010dkih i sabirnih jama<\/td>\n<\/tr>\n<tr>\n<td>*Djelatnost ispitivanja zdravstvene ispravnosti vode za pi\u0107e za vlastite potrebe<\/td>\n<\/tr>\n<tr>\n<td>*Izvo\u0111enje priklju\u010daka<\/td>\n<\/tr>\n<tr>\n<td>*Umjeravanje vodomjera<\/td>\n<\/tr>\n<tr>\n<td>*Proizvodnja energije za vlastite potrebe<\/td>\n<\/tr>\n<tr>\n<td>*Uzorkovanje i ispitivanje vlastitih otpadnih voda<\/td>\n<\/tr>\n<\/tbody>\n<\/table>\n<p>&nbsp;<\/p>\n<p style=\"font-weight: 400;\"><strong>OP\u0106I UVJETI ISPORUKE VODNIH USLUGA<\/strong><\/p>\n<p style=\"font-weight: 400;\">Na snazi<\/p>\n<p style=\"font-weight: 400;\">Na temelju \u010dlanaka 23. i 40. Zakona o vodnim uslugama (NN 66\/19) i \u010dlanka 20. Dru\u0161tvenog ugovora \u0110akova\u010dkog vodovoda d.o.o., Skup\u0161tina Dru\u0161tva \u0110akova\u010dkog vodovoda d.o.o. na svojoj sjednici odr\u017eanoj 06. travnja 2022- godine donijela je&nbsp;<a href=\"http:\/\/www.dj-vodovod.hr\/wp-content\/uploads\/2022\/04\/Op\u0107i-uvjeti-isporuke-vodnih-usluga-1.pdf\">OP\u0106E UVJETE ISPORUKE VODNIH USLUGA.<\/a><\/p>\n<p style=\"text-align: left;\" align=\"center\"><strong>OP\u0106I I TEHNI\u010cKI UVJETI&nbsp;ISPORUKE VODNIH USLUGA<\/strong><\/p>\n<p>Van snage<\/p>\n<p>Na temelju \u010dlanka 295. Zakona o obveznim odnosima (\u00bbNarodne novine\u00ab broj 35\/05 i 41\/08) te \u010dlanka 215. Zakona o vodama (\u00bbNarodne novine\u00ab broj 153\/09), Uprava dru\u0161tva \u0110AKOVA\u010cKI VODOVOD d.o.o. \u0110akovo, temeljem \u010dlanka 43. Dru\u0161tvenog ugovora Dru\u0161tva, donijela je&nbsp;<a title=\"Op\u0107i i tehni\u010dki uvjeti\" href=\"http:\/\/www.dj-vodovod.hr\/wp-content\/uploads\/2012\/09\/Opci-uvjeti.pdf\">OP\u0106E I TEHNI\u010cKE UVJETE&nbsp;ISPORUKE VODNIH USLUGA<\/a><\/p>\n<p><strong>ZAHTJEV ZA PRIKLJU\u010cENJE<\/strong><\/p>\n<p>Zahtjev za priklju\u010denje ili odvojenje odnosno rekonstrukciju postoje\u0107eg priklju\u010dka mo\u017eete preuzeti <a title=\"Zahtjev za priklju\u010denje\" href=\"http:\/\/www.dj-vodovod.hr\/wp-content\/uploads\/2014\/05\/ZAHTJEV-ZA-PRIKLJU\u010cENJE.pdf\">ovdje<\/a>.<\/p>\n<p><a href=\"http:\/\/www.dj-vodovod.hr\/wp-content\/uploads\/2024\/03\/Izjava-suvlasnika-nekretnine-prilog-Ugovoru-o-prikljucenju-na-vodne-gradevina.pdf\">Izjava suvlasnika nekretnine &#8211; prilog Ugovoru o priklju\u010denju na vodne gra\u0111evina<\/a><\/p>\n<p><strong>Vlasni\u010dka struktura dru\u0161tva<\/strong><\/p>\n<p><a href=\"http:\/\/www.dj-vodovod.hr\/wp-content\/uploads\/2024\/03\/Vodovod.jpg\"><br \/>\n<img decoding=\"async\" loading=\"lazy\" class=\"aligncenter wp-image-3329\" src=\"http:\/\/www.dj-vodovod.hr\/wp-content\/uploads\/2024\/03\/Vodovod-300x207.jpg\" alt=\"\" width=\"800\" height=\"553\" srcset=\"http:\/\/www.dj-vodovod.hr\/wp-content\/uploads\/2024\/03\/Vodovod-300x207.jpg 300w, http:\/\/www.dj-vodovod.hr\/wp-content\/uploads\/2024\/03\/Vodovod-1024x707.jpg 1024w, http:\/\/www.dj-vodovod.hr\/wp-content\/uploads\/2024\/03\/Vodovod-768x531.jpg 768w, http:\/\/www.dj-vodovod.hr\/wp-content\/uploads\/2024\/03\/Vodovod-1536x1061.jpg 1536w, http:\/\/www.dj-vodovod.hr\/wp-content\/uploads\/2024\/03\/Vodovod.jpg 2018w\" sizes=\"(max-width: 800px) 100vw, 800px\" \/><\/a><\/p>\n","protected":false},"excerpt":{"rendered":"<p>\u0110AKOVA\u010cKI VODOVOD D.O.O. \u0110akova\u010dki vodovod d.o.o. je trgova\u010dko dru\u0161tvo koje se kao osnovnom djelatno\u0161\u0107u bavi vodnim uslugama u koje prvenstveno spadaju pro\u010di\u0161\u0107avanje i distribucije pitke vode te odvodnja otpadnih voda. Temeljni kapital Dru\u0161tva: 20.550.670, 00 eura Organi Dru\u0161tva su: Skup\u0161tina Nadzorni odbor Uprava &nbsp; Nadzorni odbor ima 13 \u010dlanova. \u010clanove Nadzornog odbora bira Skup\u0161tina Dru\u0161tva, [&hellip;]<\/p>\n","protected":false},"author":1,"featured_media":775,"parent":0,"menu_order":1,"comment_status":"open","ping_status":"closed","template":"page-full.php","meta":{"ngg_post_thumbnail":0,"footnotes":""},"_links":{"self":[{"href":"http:\/\/www.dj-vodovod.hr\/index.php?rest_route=\/wp\/v2\/pages\/6"}],"collection":[{"href":"http:\/\/www.dj-vodovod.hr\/index.php?rest_route=\/wp\/v2\/pages"}],"about":[{"href":"http:\/\/www.dj-vodovod.hr\/index.php?rest_route=\/wp\/v2\/types\/page"}],"author":[{"embeddable":true,"href":"http:\/\/www.dj-vodovod.hr\/index.php?rest_route=\/wp\/v2\/users\/1"}],"replies":[{"embeddable":true,"href":"http:\/\/www.dj-vodovod.hr\/index.php?rest_route=%2Fwp%2Fv2%2Fcomments&post=6"}],"version-history":[{"count":35,"href":"http:\/\/www.dj-vodovod.hr\/index.php?rest_route=\/wp\/v2\/pages\/6\/revisions"}],"predecessor-version":[{"id":3902,"href":"http:\/\/www.dj-vodovod.hr\/index.php?rest_route=\/wp\/v2\/pages\/6\/revisions\/3902"}],"wp:featuredmedia":[{"embeddable":true,"href":"http:\/\/www.dj-vodovod.hr\/index.php?rest_route=\/wp\/v2\/media\/775"}],"wp:attachment":[{"href":"http:\/\/www.dj-vodovod.hr\/index.php?rest_route=%2Fwp%2Fv2%2Fmedia&parent=6"}],"curies":[{"name":"wp","href":"https:\/\/api.w.org\/{rel}","templated":true}]}}